{"id":122,"date":"2012-05-16T21:18:05","date_gmt":"2012-05-16T18:18:05","guid":{"rendered":"http:\/\/healingrooms.ee\/?page_id=122"},"modified":"2013-09-04T14:53:42","modified_gmt":"2013-09-04T11:53:42","slug":"meist","status":"publish","type":"page","link":"https:\/\/healingrooms.ee\/?page_id=122","title":{"rendered":"Meist"},"content":{"rendered":"<p align=\"LEFT\">\u00a0<span style=\"color: #000080;\"><strong><span style=\"font-size: small;\">Missioon<\/span><\/strong><span style=\"font-family: Times New Roman,Times New Roman; font-size: small;\"><span style=\"font-family: Times New Roman,Times New Roman; font-size: small;\">: <\/span><\/span><\/span><\/p>\n<p><span style=\"color: #000080;\">&#8211; Healing Rooms Palvekliinikus palvetatakse f\u00fc\u00fcsilise ja ps\u00fc\u00fchilise tervenemise ning sisemise tugevnemise eest vastavalt Jumala S\u00f5nale.<\/span><\/p>\n<p><span style=\"color: #000080;\"><strong>Visioon<span style=\"font-family: Times New Roman,Times New Roman; font-size: small;\"><span style=\"font-family: Times New Roman,Times New Roman; font-size: small;\">: <\/span><\/span><\/strong><\/span><\/p>\n<p><span style=\"color: #000080;\">&#8211; Healing Rooms Palvekliinik on kanal Jumala tervendava t\u00f6\u00f6 ja tugevdava armastuse voolamisele.<\/span><\/p>\n<p><span style=\"color: #000080;\">&#8211; Healing Rooms Palvekliinikus\u00a0teenivad eri konfessioonide kristlased \u00fcheskoos.<\/span><\/p>\n<p><span style=\"color: #000080;\">&#8211; Healing Rooms\u00a0 Palvekliinik varustab kristlasi olemaks Jumala tervendava armastuse kanaliks.<\/span><\/p>\n<p><span style=\"color: #000080;\">&#8211; Eesm\u00e4rk on n\u00e4ha Jumala imelisi tegusid Eestis nii, et Jumal saaks kogu au.<\/span><\/p>\n<p>&nbsp;<\/p>\n<p><span style=\"color: #000080;\"><strong><span style=\"font-size: medium;\">Healing Rooms Palvekliiniku t\u00f6\u00f6 p\u00f5hiv\u00e4\u00e4rtused <\/span><\/strong><\/span><\/p>\n<p><span style=\"color: #000080;\"><strong>Visioon Jumala kuningriigist<\/strong><\/span><\/p>\n<p><span style=\"color: #000080;\">Healing Rooms Palvekliiniku\u00a0tegevuses on oluline v\u00e4\u00e4rtus piibellikul visioonil Jumala kuningriigist, kus Kristus on k\u00f5ige\u00fclene valitseja (1Kr 1:12-13). Healing Rooms Palvekliinik on \u00fclemaailmse kristliku koguduse \u00fcks t\u00f6\u00f6meetodeid. Oleme r\u00f5\u00f5msad k\u00f5igi kristlike koguduste ja -organisatsioonide heast k\u00e4ek\u00e4igust ning arengust erinevatel t\u00f6\u00f6aladel \u00fcle maailma (Mk 16:15-18).<\/span><\/p>\n<p><span style=\"color: #000080;\"><strong>Erinevate koguduste vaheline koost\u00f6\u00f6<\/strong><\/span><\/p>\n<p><span style=\"color: #000080;\">Anname oma panuse kogudustevahelise koost\u00f6\u00f6 ehitamiseks. Jeesus Kristus on koguduse pea ja kogudus on keha. Palvetame Jeesuse eeskujul \u201eIsa, et nad oleksid \u00fcks\u201c. K\u00e4si ei riidle jalaga (1Kr 12:14jj).<\/span><\/p>\n<p><span style=\"color: #000080;\">Kogudusel ja kristlastel tuleb maailmas t\u00e4itmiseks antud \u00fclesande \u00f5nnestumiseks k\u00e4ia omavahelises armastuses ja andestuses. Healing Rooms Palvekliinik\u00a0on koht palvele ja koost\u00f6\u00f6le, mitte teoloogilistele vaidlustele, mis on ajaloos kristlaste \u00fcksmeelt rikkunud ja Jumala t\u00f6\u00f6 edenemist takistanud.\u00a0K\u00f5ik meie\u00a0meeskonna liikmed m\u00f5istavad ka isiklikku vastutust \u00fcksmeele ehitajate ja hoidjatena. \u00dcksmeel ei seisne iga teoloogilise k\u00fcsimuse osas sama meelt olemises, vaid koost\u00f6\u00f6 tegemises armastuses.<\/span><\/p>\n<p><span style=\"color: #000080;\"><strong>Konfidentsiaalsus<\/strong><\/span><\/p>\n<p style=\"text-align: left;\"><span style=\"color: #000080;\">HRE Palvekliiniku tegevuse &#8211; nii eestpalve kui vestluste &#8211; v\u00e4\u00e4rtus seisneb konfidentsiaalsuses. Igal teenimist\u00f6\u00f6s osalejal on vaikimiskohustus (nagu koguduse t\u00f6\u00f6tegijatel hingehoidlike vestluste puhul). Selliselt on palvekliinik turvaline koht, kuhu tulla oma vajadustega nii Jumala kui tiimiliikmete ette.<\/span><\/p>\n<p><span style=\"color: #000080;\"><strong>Kohaliku koguduse t\u00e4hendus<\/strong><\/span><\/p>\n<p><span style=\"color: #000080;\">Healing Rooms Palvekliinikus\u00a0eeldame iga meeskonna liikme osalemist ka kohalikus koguduses. R\u00e4\u00e4gime sellest ka meeskonnaliikmeks vastuv\u00f5tmise vestlusel, julgustades v\u00f5imalusel inimest teenima ka kodukoguduses. Kui meeskonnaliikmeks saada soovija annab teada, et ta ei osale \u00fchegi koguduse osaduses, julgustame teda otsima koguduse osadust enne HRE Palvekliiniku meeskonnaga liitumist. Palvekliinik\u00a0ei ole kogudus.<\/span><\/p>\n<p><span style=\"color: #000080;\"><strong>Piibellikkus<\/strong><\/span><\/p>\n<p><span style=\"color: #000080;\">HRE Palvekliiniku\u00a0t\u00f6\u00f6 eesm\u00e4rk on olla hea, turvaline ja usaldatav, kogudustevahelise koost\u00f6\u00f6 vorm. Selle tegevus on l\u00e4bipaistev ja t\u00f6\u00f6 piibellikkust j\u00e4lgib erinevatest pastoritest koosnev Healing Rooms Estonia MT\u00dc juhatus. HRE varustab ja v\u00f5imaldab tavakristlastel elada Jumala S\u00f5na alusel ja koost\u00f6\u00f6s teiste kristlastega inimeste tervenemise p\u00e4rast palvetada.<\/span><\/p>\n<p>&nbsp;<\/p>\n<p><span style=\"color: #000080;\"><span style=\"color: #000080;\"><a href=\"http:\/\/healingrooms.ee\/wp-content\/uploads\/2012\/05\/Healing-Rooms-eestik-t%C3%A4iendatud-PDF.pdf\" target=\"_blank\">Vaata ka Healing Rooms Palvekliiniku esitlust (PDF)<\/a><\/span><\/span><\/p>\n<p>&nbsp;<\/p>\n<p>&nbsp;<\/p>\n","protected":false},"excerpt":{"rendered":"<p>\u00a0Missioon: &#8211; Healing Rooms Palvekliinikus palvetatakse f\u00fc\u00fcsilise ja ps\u00fc\u00fchilise tervenemise ning sisemise tugevnemise eest vastavalt Jumala S\u00f5nale. Visioon: &#8211; Healing Rooms Palvekliinik on kanal Jumala tervendava t\u00f6\u00f6 ja tugevdava armastuse voolamisele. &#8211; Healing Rooms Palvekliinikus\u00a0teenivad eri konfessioonide kristlased \u00fcheskoos. &#8211; Healing Rooms\u00a0 Palvekliinik varustab kristlasi olemaks Jumala tervendava armastuse kanaliks. &#8211; Eesm\u00e4rk on n\u00e4ha Jumala [&hellip;]<\/p>\n","protected":false},"author":1,"featured_media":0,"parent":0,"menu_order":2,"comment_status":"closed","ping_status":"closed","template":"","meta":[],"_links":{"self":[{"href":"https:\/\/healingrooms.ee\/index.php?rest_route=\/wp\/v2\/pages\/122"}],"collection":[{"href":"https:\/\/healingrooms.ee\/index.php?rest_route=\/wp\/v2\/pages"}],"about":[{"href":"https:\/\/healingrooms.ee\/index.php?rest_route=\/wp\/v2\/types\/page"}],"author":[{"embeddable":true,"href":"https:\/\/healingrooms.ee\/index.php?rest_route=\/wp\/v2\/users\/1"}],"replies":[{"embeddable":true,"href":"https:\/\/healingrooms.ee\/index.php?rest_route=%2Fwp%2Fv2%2Fcomments&post=122"}],"version-history":[{"count":28,"href":"https:\/\/healingrooms.ee\/index.php?rest_route=\/wp\/v2\/pages\/122\/revisions"}],"predecessor-version":[{"id":991,"href":"https:\/\/healingrooms.ee\/index.php?rest_route=\/wp\/v2\/pages\/122\/revisions\/991"}],"wp:attachment":[{"href":"https:\/\/healingrooms.ee\/index.php?rest_route=%2Fwp%2Fv2%2Fmedia&parent=122"}],"curies":[{"name":"wp","href":"https:\/\/api.w.org\/{rel}","templated":true}]}}