{"id":146,"date":"2012-05-17T20:43:42","date_gmt":"2012-05-17T17:43:42","guid":{"rendered":"http:\/\/healingrooms.ee\/?page_id=146"},"modified":"2026-01-13T16:02:17","modified_gmt":"2026-01-13T14:02:17","slug":"tartus","status":"publish","type":"page","link":"https:\/\/healingrooms.ee\/?page_id=146","title":{"rendered":"Tartu"},"content":{"rendered":"<p>Tartu Palvekliinik on avatud esmasp\u00e4eviti kell 18.00 &#8211; 20.00 Aadressil S\u00f5bra 56, Tartu. Kogudus T\u00f5e Sammas ruumides.<\/p>\n<p>&nbsp;<\/p>\n<div class=\"addtoany_share_save_container addtoany_content addtoany_content_bottom\">\n<div class=\"a2a_kit a2a_kit_size_32 addtoany_list\" data-a2a-url=\"https:\/\/healingrooms.ee\/?page_id=7\" data-a2a-title=\"Palvekliinikud\"><\/div>\n<\/div>\n","protected":false},"excerpt":{"rendered":"<p>Tartu Palvekliinik on avatud esmasp\u00e4eviti kell 18.00 &#8211; 20.00 Aadressil S\u00f5bra 56, Tartu. Kogudus T\u00f5e Sammas ruumides. &nbsp;<\/p>\n","protected":false},"author":1,"featured_media":0,"parent":7,"menu_order":1,"comment_status":"closed","ping_status":"closed","template":"","meta":[],"_links":{"self":[{"href":"https:\/\/healingrooms.ee\/index.php?rest_route=\/wp\/v2\/pages\/146"}],"collection":[{"href":"https:\/\/healingrooms.ee\/index.php?rest_route=\/wp\/v2\/pages"}],"about":[{"href":"https:\/\/healingrooms.ee\/index.php?rest_route=\/wp\/v2\/types\/page"}],"author":[{"embeddable":true,"href":"https:\/\/healingrooms.ee\/index.php?rest_route=\/wp\/v2\/users\/1"}],"replies":[{"embeddable":true,"href":"https:\/\/healingrooms.ee\/index.php?rest_route=%2Fwp%2Fv2%2Fcomments&post=146"}],"version-history":[{"count":136,"href":"https:\/\/healingrooms.ee\/index.php?rest_route=\/wp\/v2\/pages\/146\/revisions"}],"predecessor-version":[{"id":2969,"href":"https:\/\/healingrooms.ee\/index.php?rest_route=\/wp\/v2\/pages\/146\/revisions\/2969"}],"up":[{"embeddable":true,"href":"https:\/\/healingrooms.ee\/index.php?rest_route=\/wp\/v2\/pages\/7"}],"wp:attachment":[{"href":"https:\/\/healingrooms.ee\/index.php?rest_route=%2Fwp%2Fv2%2Fmedia&parent=146"}],"curies":[{"name":"wp","href":"https:\/\/api.w.org\/{rel}","templated":true}]}}