{"id":26,"date":"2012-04-05T13:55:48","date_gmt":"2012-04-05T10:55:48","guid":{"rendered":"http:\/\/healingrooms.ee\/?page_id=26"},"modified":"2020-03-02T21:00:54","modified_gmt":"2020-03-02T19:00:54","slug":"opetus","status":"publish","type":"page","link":"https:\/\/healingrooms.ee\/?page_id=26","title":{"rendered":"\u00d5petus"},"content":{"rendered":"\n<p>Sellel lehel on \u00f5petuste ja seminaride salvestused laiali jaotatud vastavalt k\u00f5nelejale. Vajutades nime peale avaneb link p\u00f5hjalikuma \u00fclevaatega.<\/p>\n\n\n<p><a href=\"https:\/\/healingrooms.ee\/?page_id=2522\">Bayo Oniwinde<\/a><\/p>\n<p><a href=\"https:\/\/healingrooms.ee\/?page_id=2531\">Steven &amp; Helen Anderson<\/a><\/p>\n<p><a href=\"https:\/\/healingrooms.ee\/?page_id=2535\">Gordon van Veelen<\/a><\/p>","protected":false},"excerpt":{"rendered":"<p>Bayo Oniwinde Steven &amp; Helen Anderson Gordon van Veelen<\/p>\n","protected":false},"author":1,"featured_media":0,"parent":0,"menu_order":5,"comment_status":"closed","ping_status":"closed","template":"","meta":[],"_links":{"self":[{"href":"https:\/\/healingrooms.ee\/index.php?rest_route=\/wp\/v2\/pages\/26"}],"collection":[{"href":"https:\/\/healingrooms.ee\/index.php?rest_route=\/wp\/v2\/pages"}],"about":[{"href":"https:\/\/healingrooms.ee\/index.php?rest_route=\/wp\/v2\/types\/page"}],"author":[{"embeddable":true,"href":"https:\/\/healingrooms.ee\/index.php?rest_route=\/wp\/v2\/users\/1"}],"replies":[{"embeddable":true,"href":"https:\/\/healingrooms.ee\/index.php?rest_route=%2Fwp%2Fv2%2Fcomments&post=26"}],"version-history":[{"count":11,"href":"https:\/\/healingrooms.ee\/index.php?rest_route=\/wp\/v2\/pages\/26\/revisions"}],"predecessor-version":[{"id":2538,"href":"https:\/\/healingrooms.ee\/index.php?rest_route=\/wp\/v2\/pages\/26\/revisions\/2538"}],"wp:attachment":[{"href":"https:\/\/healingrooms.ee\/index.php?rest_route=%2Fwp%2Fv2%2Fmedia&parent=26"}],"curies":[{"name":"wp","href":"https:\/\/api.w.org\/{rel}","templated":true}]}}