{"id":353,"date":"2012-08-30T18:32:27","date_gmt":"2012-08-30T15:32:27","guid":{"rendered":"http:\/\/healingrooms.ee\/?page_id=353"},"modified":"2020-02-29T15:33:31","modified_gmt":"2020-02-29T13:33:31","slug":"toeta-hre-tood-2","status":"publish","type":"page","link":"https:\/\/healingrooms.ee\/?page_id=353","title":{"rendered":"Toeta HRE t\u00f6\u00f6d"},"content":{"rendered":"<p><span style=\"color: #000080; font-size: medium;\">Meie igatsus on, et Healing Rooms palvekliinikud saaksid rajatud Eestimaa eri paikadesse ning inimesed v\u00f5iksid tundma \u00f5ppida Jeesust, kui isiklikku P\u00e4\u00e4stjat, Vabastajat ja Tervendajat.<\/span><\/p>\n<p><span style=\"color: #000080; font-size: medium;\">Tule ja aita oma toetusega meil t\u00e4ita seda visiooni! Palveta Healing Rooms Eesti t\u00f6\u00f6 eest, me vajame rohket eestpalvetuge!<\/span><\/p>\n<p><span style=\"color: #000080; font-size: medium;\">Samuti on Healing Rooms Estonia MT\u00dc praktiline t\u00f6\u00f6 v\u00f5imalik ainult t\u00e4nu vabatahtlikele annetajatele ja toetajaliikmetele. Sinu igakuine toetus aitaks meil kiiremini j\u00f5uda selle t\u00f6\u00f6ga Eestimaa eri paikadeni.<\/span><\/p>\n<p><span style=\"color: #000080; font-size: medium;\">Kutsume Sind regulaarselt k\u00fclvama heasse pinnasesse! \u00dcks v\u00f5imalus selleks on t\u00e4ita <strong><a href=\"http:\/\/healingrooms.ee\/wp-content\/uploads\/2012\/08\/HRE-toetajaliikme-ankeet.doc\">HRE toetajaliikme ankeet<\/a>\u00a0<\/strong>ja saata see meile tagasi aadressil: \u00a0info@healingrooms.ee<\/span><\/p>\n<p><span style=\"color: #000080; font-size: medium;\">Oleme t\u00e4nulikud Sinu heameelse k\u00fclvi eest Healing Rooms t\u00f6\u00f6sse Eestis!<\/span><\/p>\n<p>Meie pangarekvisiidid:<\/p>\n<p><span data-reader-unique-id=\"16\">SEB:\u00a0<strong data-reader-unique-id=\"17\">\u00a0<\/strong><\/span><span data-reader-unique-id=\"20\"><strong data-reader-unique-id=\"21\">EE401010220197177221<\/strong><\/span><\/p>\n<p><span data-reader-unique-id=\"24\">SWEDBANK:\u00a0<\/span><strong data-reader-unique-id=\"26\"><span data-reader-unique-id=\"27\">\u00a0EE562200221056066110<\/span><\/strong><\/p>\n<p><span style=\"color: #000080; font-size: medium;\"><em>\u201eJumal armastab r\u00f5\u00f5msat andjat!\u201c\u00a0<\/em> 2Kr 9:7<\/span><\/p>\n","protected":false},"excerpt":{"rendered":"<p>Meie igatsus on, et Healing Rooms palvekliinikud saaksid rajatud Eestimaa eri paikadesse ning inimesed v\u00f5iksid tundma \u00f5ppida Jeesust, kui isiklikku P\u00e4\u00e4stjat, Vabastajat ja Tervendajat. Tule ja aita oma toetusega meil t\u00e4ita seda visiooni! Palveta Healing Rooms Eesti t\u00f6\u00f6 eest, me vajame rohket eestpalvetuge! Samuti on Healing Rooms Estonia MT\u00dc praktiline t\u00f6\u00f6 v\u00f5imalik ainult t\u00e4nu vabatahtlikele [&hellip;]<\/p>\n","protected":false},"author":1,"featured_media":0,"parent":0,"menu_order":6,"comment_status":"closed","ping_status":"closed","template":"","meta":[],"_links":{"self":[{"href":"https:\/\/healingrooms.ee\/index.php?rest_route=\/wp\/v2\/pages\/353"}],"collection":[{"href":"https:\/\/healingrooms.ee\/index.php?rest_route=\/wp\/v2\/pages"}],"about":[{"href":"https:\/\/healingrooms.ee\/index.php?rest_route=\/wp\/v2\/types\/page"}],"author":[{"embeddable":true,"href":"https:\/\/healingrooms.ee\/index.php?rest_route=\/wp\/v2\/users\/1"}],"replies":[{"embeddable":true,"href":"https:\/\/healingrooms.ee\/index.php?rest_route=%2Fwp%2Fv2%2Fcomments&post=353"}],"version-history":[{"count":35,"href":"https:\/\/healingrooms.ee\/index.php?rest_route=\/wp\/v2\/pages\/353\/revisions"}],"predecessor-version":[{"id":2502,"href":"https:\/\/healingrooms.ee\/index.php?rest_route=\/wp\/v2\/pages\/353\/revisions\/2502"}],"wp:attachment":[{"href":"https:\/\/healingrooms.ee\/index.php?rest_route=%2Fwp%2Fv2%2Fmedia&parent=353"}],"curies":[{"name":"wp","href":"https:\/\/api.w.org\/{rel}","templated":true}]}}