{"id":373,"date":"2012-08-31T12:50:14","date_gmt":"2012-08-31T09:50:14","guid":{"rendered":"http:\/\/healingrooms.ee\/?page_id=373"},"modified":"2015-09-14T08:01:08","modified_gmt":"2015-09-14T05:01:08","slug":"infopaevad","status":"publish","type":"page","link":"https:\/\/healingrooms.ee\/?page_id=373","title":{"rendered":"Infop\u00e4evad"},"content":{"rendered":"<p style=\"text-align: center;\"><strong><span style=\"font-size: medium; color: #000080;\">\u00a0<\/span><\/strong><\/p>\n<p style=\"text-align: center;\"><span style=\"color: #000080; font-size: medium; line-height: 19px;\">Infop\u00e4evadel tutvustame meie t\u00f6\u00f6 visiooni ja missiooni.\u00a0R\u00e4\u00e4gime sellest, <\/span><\/p>\n<p style=\"text-align: center;\"><span style=\"color: #000080; font-size: medium; line-height: 19px;\">mida Jumal on teinud Palvekliinikute t\u00f6\u00f6 kaudu \u00a0Eestis ning sellest, <\/span><\/p>\n<p style=\"text-align: center;\"><span style=\"color: #000080; font-size: medium; line-height: 19px;\">millised on me igatsused selles t\u00f6\u00f6s tulevikku vaadates.<\/span><\/p>\n<p style=\"text-align: center;\"><span style=\"color: #000080; font-size: medium; line-height: 19px;\">Palvetame k\u00f5igi soovijate eest.<\/span><\/p>\n<p style=\"text-align: center;\"><span style=\"font-size: medium; color: #000080;\">HRE infop\u00e4evad toimuvad koost\u00f6\u00f6s kohalike koguduste pastorite jt esindajatega<\/span><\/p>\n<p style=\"text-align: center;\">\n","protected":false},"excerpt":{"rendered":"<p>\u00a0 Infop\u00e4evadel tutvustame meie t\u00f6\u00f6 visiooni ja missiooni.\u00a0R\u00e4\u00e4gime sellest, mida Jumal on teinud Palvekliinikute t\u00f6\u00f6 kaudu \u00a0Eestis ning sellest, millised on me igatsused selles t\u00f6\u00f6s tulevikku vaadates. Palvetame k\u00f5igi soovijate eest. HRE infop\u00e4evad toimuvad koost\u00f6\u00f6s kohalike koguduste pastorite jt esindajatega<\/p>\n","protected":false},"author":1,"featured_media":0,"parent":7,"menu_order":3,"comment_status":"closed","ping_status":"closed","template":"","meta":[],"_links":{"self":[{"href":"https:\/\/healingrooms.ee\/index.php?rest_route=\/wp\/v2\/pages\/373"}],"collection":[{"href":"https:\/\/healingrooms.ee\/index.php?rest_route=\/wp\/v2\/pages"}],"about":[{"href":"https:\/\/healingrooms.ee\/index.php?rest_route=\/wp\/v2\/types\/page"}],"author":[{"embeddable":true,"href":"https:\/\/healingrooms.ee\/index.php?rest_route=\/wp\/v2\/users\/1"}],"replies":[{"embeddable":true,"href":"https:\/\/healingrooms.ee\/index.php?rest_route=%2Fwp%2Fv2%2Fcomments&post=373"}],"version-history":[{"count":39,"href":"https:\/\/healingrooms.ee\/index.php?rest_route=\/wp\/v2\/pages\/373\/revisions"}],"predecessor-version":[{"id":1604,"href":"https:\/\/healingrooms.ee\/index.php?rest_route=\/wp\/v2\/pages\/373\/revisions\/1604"}],"up":[{"embeddable":true,"href":"https:\/\/healingrooms.ee\/index.php?rest_route=\/wp\/v2\/pages\/7"}],"wp:attachment":[{"href":"https:\/\/healingrooms.ee\/index.php?rest_route=%2Fwp%2Fv2%2Fmedia&parent=373"}],"curies":[{"name":"wp","href":"https:\/\/api.w.org\/{rel}","templated":true}]}}