{"id":385,"date":"2012-08-31T12:58:50","date_gmt":"2012-08-31T09:58:50","guid":{"rendered":"http:\/\/healingrooms.ee\/?page_id=385"},"modified":"2013-09-04T14:58:58","modified_gmt":"2013-09-04T11:58:58","slug":"liitu-hre-tooga","status":"publish","type":"page","link":"https:\/\/healingrooms.ee\/?page_id=385","title":{"rendered":"Liitu HRE t\u00f6\u00f6ga"},"content":{"rendered":"<p><span style=\"font-size: medium; color: #000080;\"><strong>Soovid osaleda Healing Rooms eestpalvet\u00f6\u00f6 laiendamisel?<\/strong><\/span><\/p>\n<p><span style=\"color: #000080;\">Julgustame usklikke leidma Jumala kutsumine ja astuma sellesse, sest t\u00f6\u00f6d on palju ning Jumalal on hea plaan iga\u00fche jaoks. Ta ootab, et just sina asuksid t\u00f6\u00f6le Tema Kuningriigis siin maa peal!<\/span><\/p>\n<p><em><span style=\"color: #000080;\">\u201eL\u00f5ikust on palju, t\u00f6\u00f6tegijaid aga v\u00e4he. Paluge siis l\u00f5ikuse Issandat, et ta saadaks t\u00f6\u00f6tegijaid v\u00e4lja oma l\u00f5ikusele! Mt 9:37-38<\/span><\/em><\/p>\n<p style=\"text-align: center;\"><span style=\"color: #008000;\"><span style=\"color: #000080;\"><strong>\u00a0L\u00f5ikus on k\u00fcps! \u00a0 \u00a0\u00a0<\/strong><\/span><img loading=\"lazy\" class=\"aligncenter size-thumbnail wp-image-637\" title=\"L\u00f5ikus\" src=\"http:\/\/healingrooms.ee\/wp-content\/uploads\/2012\/08\/L\u00f5ikus1-150x150.jpg\" alt=\"\" width=\"150\" height=\"150\" \/><\/span><\/p>\n<p><span style=\"color: #000080;\">Ole ustav ja kuulekas Tema kutsele, sest \u201eUstav on see, kes teid kutsub&#8230;\u201c 1Ts 5:24<\/span><\/p>\n<p><span style=\"color: #000080;\">Healing Rooms Estonia pakub v\u00f5imalust kaasateenimiseks:<\/span><\/p>\n<ul>\n<li><span style=\"color: #000080;\">Palvetajana kliiniku eestpalver\u00fchmas (tervenemise eest)<\/span><\/li>\n<li><span style=\"color: #000080;\">Palvetajana taustapalve r\u00fchmas Palvekliiniku lahtioleku aegadel<\/span><\/li>\n<li><span style=\"color: #000080;\">Abilisena (vastuv\u00f5tt, turva, ruumide ettevalmistus ja koristus)<\/span><\/li>\n<li><span style=\"color: #000080;\">Muudes \u00fclesannetes (materjalide ettevalmistus, t\u00f6\u00f6 koordineerimine, raamatupidamine)<\/span><\/li>\n<li><span style=\"color: #000080;\">Healing Room t\u00f6\u00f6 eest palvetajana oma kodus<\/span><\/li>\n<\/ul>\n<p><span style=\"color: #000080;\">Taustapalvetaja t\u00f6\u00f6 \u00fclesannetest l\u00e4hemalt, vaata linki:\u00a0<a title=\"Eestpalve HRE-s\" href=\"http:\/\/healingrooms.ee\/?page_id=499\" target=\"_blank\"><span style=\"color: #000080;\">Eestpalve HRE-s<\/span><\/a><\/span><\/p>\n<p><span style=\"color: #000080;\">Millised sammud j\u00e4rgmiseks?<\/span><\/p>\n<p><span style=\"color: #000080;\">Vaata linki:<\/span><span style=\"text-decoration: underline; color: #000080;\"> <a href=\"http:\/\/healingrooms.ee\/?page_id=406\" target=\"_blank\"><span style=\"text-decoration: underline; color: #000080;\"><span style=\"text-decoration: underline;\">J<\/span>\u00e4rgmine samm<\/span><\/a><\/span><\/p>\n","protected":false},"excerpt":{"rendered":"<p>Soovid osaleda Healing Rooms eestpalvet\u00f6\u00f6 laiendamisel? Julgustame usklikke leidma Jumala kutsumine ja astuma sellesse, sest t\u00f6\u00f6d on palju ning Jumalal on hea plaan iga\u00fche jaoks. Ta ootab, et just sina asuksid t\u00f6\u00f6le Tema Kuningriigis siin maa peal! \u201eL\u00f5ikust on palju, t\u00f6\u00f6tegijaid aga v\u00e4he. Paluge siis l\u00f5ikuse Issandat, et ta saadaks t\u00f6\u00f6tegijaid v\u00e4lja oma l\u00f5ikusele! Mt [&hellip;]<\/p>\n","protected":false},"author":1,"featured_media":0,"parent":353,"menu_order":1,"comment_status":"closed","ping_status":"closed","template":"","meta":[],"_links":{"self":[{"href":"https:\/\/healingrooms.ee\/index.php?rest_route=\/wp\/v2\/pages\/385"}],"collection":[{"href":"https:\/\/healingrooms.ee\/index.php?rest_route=\/wp\/v2\/pages"}],"about":[{"href":"https:\/\/healingrooms.ee\/index.php?rest_route=\/wp\/v2\/types\/page"}],"author":[{"embeddable":true,"href":"https:\/\/healingrooms.ee\/index.php?rest_route=\/wp\/v2\/users\/1"}],"replies":[{"embeddable":true,"href":"https:\/\/healingrooms.ee\/index.php?rest_route=%2Fwp%2Fv2%2Fcomments&post=385"}],"version-history":[{"count":42,"href":"https:\/\/healingrooms.ee\/index.php?rest_route=\/wp\/v2\/pages\/385\/revisions"}],"predecessor-version":[{"id":997,"href":"https:\/\/healingrooms.ee\/index.php?rest_route=\/wp\/v2\/pages\/385\/revisions\/997"}],"up":[{"embeddable":true,"href":"https:\/\/healingrooms.ee\/index.php?rest_route=\/wp\/v2\/pages\/353"}],"wp:attachment":[{"href":"https:\/\/healingrooms.ee\/index.php?rest_route=%2Fwp%2Fv2%2Fmedia&parent=385"}],"curies":[{"name":"wp","href":"https:\/\/api.w.org\/{rel}","templated":true}]}}