{"id":486,"date":"2012-09-01T22:28:11","date_gmt":"2012-09-01T19:28:11","guid":{"rendered":"http:\/\/healingrooms.ee\/?page_id=486"},"modified":"2023-10-30T12:36:05","modified_gmt":"2023-10-30T10:36:05","slug":"healing-rooms-koolitus","status":"publish","type":"page","link":"https:\/\/healingrooms.ee\/?page_id=486","title":{"rendered":"Healing Rooms koolitus"},"content":{"rendered":"<p>2023. a toimus uute t\u00f6\u00f6tegijate koolitus Tallinna Metodisti kirikus 27 ja 28 oktoobril.<\/p>\n\n\t\t<style type=\"text\/css\">\n\t\t\t#gallery-1 {\n\t\t\t\tmargin: auto;\n\t\t\t}\n\t\t\t#gallery-1 .gallery-item {\n\t\t\t\tfloat: left;\n\t\t\t\tmargin-top: 10px;\n\t\t\t\ttext-align: center;\n\t\t\t\twidth: 33%;\n\t\t\t}\n\t\t\t#gallery-1 img {\n\t\t\t\tborder: 2px solid #cfcfcf;\n\t\t\t}\n\t\t\t#gallery-1 .gallery-caption {\n\t\t\t\tmargin-left: 0;\n\t\t\t}\n\t\t\t\/* see gallery_shortcode() in wp-includes\/media.php *\/\n\t\t<\/style>\n\t\t<div id='gallery-1' class='gallery galleryid-486 gallery-columns-3 gallery-size-thumbnail'><dl class='gallery-item'>\n\t\t\t<dt class='gallery-icon landscape'>\n\t\t\t\t<a href='https:\/\/healingrooms.ee\/?attachment_id=2860'><img width=\"150\" height=\"150\" src=\"https:\/\/healingrooms.ee\/wp-content\/uploads\/2023\/10\/IMG_0051-150x150.jpeg\" class=\"attachment-thumbnail size-thumbnail\" alt=\"\" loading=\"lazy\" srcset=\"https:\/\/healingrooms.ee\/wp-content\/uploads\/2023\/10\/IMG_0051-150x150.jpeg 150w, https:\/\/healingrooms.ee\/wp-content\/uploads\/2023\/10\/IMG_0051-50x50.jpeg 50w, https:\/\/healingrooms.ee\/wp-content\/uploads\/2023\/10\/IMG_0051-80x80.jpeg 80w\" sizes=\"(max-width: 150px) 100vw, 150px\" \/><\/a>\n\t\t\t<\/dt><\/dl><dl class='gallery-item'>\n\t\t\t<dt class='gallery-icon landscape'>\n\t\t\t\t<a href='https:\/\/healingrooms.ee\/?attachment_id=2861'><img width=\"150\" height=\"150\" src=\"https:\/\/healingrooms.ee\/wp-content\/uploads\/2023\/10\/IMG_0050-150x150.jpeg\" class=\"attachment-thumbnail size-thumbnail\" alt=\"\" loading=\"lazy\" srcset=\"https:\/\/healingrooms.ee\/wp-content\/uploads\/2023\/10\/IMG_0050-150x150.jpeg 150w, https:\/\/healingrooms.ee\/wp-content\/uploads\/2023\/10\/IMG_0050-50x50.jpeg 50w, https:\/\/healingrooms.ee\/wp-content\/uploads\/2023\/10\/IMG_0050-80x80.jpeg 80w\" sizes=\"(max-width: 150px) 100vw, 150px\" \/><\/a>\n\t\t\t<\/dt><\/dl><dl class='gallery-item'>\n\t\t\t<dt class='gallery-icon landscape'>\n\t\t\t\t<a href='https:\/\/healingrooms.ee\/?attachment_id=2862'><img width=\"150\" height=\"150\" src=\"https:\/\/healingrooms.ee\/wp-content\/uploads\/2023\/10\/IMG_0049-150x150.jpeg\" class=\"attachment-thumbnail size-thumbnail\" alt=\"\" loading=\"lazy\" srcset=\"https:\/\/healingrooms.ee\/wp-content\/uploads\/2023\/10\/IMG_0049-150x150.jpeg 150w, https:\/\/healingrooms.ee\/wp-content\/uploads\/2023\/10\/IMG_0049-50x50.jpeg 50w, https:\/\/healingrooms.ee\/wp-content\/uploads\/2023\/10\/IMG_0049-80x80.jpeg 80w\" sizes=\"(max-width: 150px) 100vw, 150px\" \/><\/a>\n\t\t\t<\/dt><\/dl><br style=\"clear: both\" \/><dl class='gallery-item'>\n\t\t\t<dt class='gallery-icon landscape'>\n\t\t\t\t<a href='https:\/\/healingrooms.ee\/?attachment_id=2863'><img width=\"150\" height=\"150\" src=\"https:\/\/healingrooms.ee\/wp-content\/uploads\/2023\/10\/IMG_0048-150x150.jpeg\" class=\"attachment-thumbnail size-thumbnail\" alt=\"\" loading=\"lazy\" srcset=\"https:\/\/healingrooms.ee\/wp-content\/uploads\/2023\/10\/IMG_0048-150x150.jpeg 150w, https:\/\/healingrooms.ee\/wp-content\/uploads\/2023\/10\/IMG_0048-50x50.jpeg 50w, https:\/\/healingrooms.ee\/wp-content\/uploads\/2023\/10\/IMG_0048-80x80.jpeg 80w\" sizes=\"(max-width: 150px) 100vw, 150px\" \/><\/a>\n\t\t\t<\/dt><\/dl><dl class='gallery-item'>\n\t\t\t<dt class='gallery-icon landscape'>\n\t\t\t\t<a href='https:\/\/healingrooms.ee\/?attachment_id=2864'><img width=\"150\" height=\"150\" src=\"https:\/\/healingrooms.ee\/wp-content\/uploads\/2023\/10\/IMG_0047-150x150.jpeg\" class=\"attachment-thumbnail size-thumbnail\" alt=\"\" loading=\"lazy\" srcset=\"https:\/\/healingrooms.ee\/wp-content\/uploads\/2023\/10\/IMG_0047-150x150.jpeg 150w, https:\/\/healingrooms.ee\/wp-content\/uploads\/2023\/10\/IMG_0047-50x50.jpeg 50w, https:\/\/healingrooms.ee\/wp-content\/uploads\/2023\/10\/IMG_0047-80x80.jpeg 80w\" sizes=\"(max-width: 150px) 100vw, 150px\" \/><\/a>\n\t\t\t<\/dt><\/dl>\n\t\t\t<br style='clear: both' \/>\n\t\t<\/div>\n\n<p>&nbsp;<\/p>\n<p>&nbsp;<\/p>\n<p>&nbsp;<\/p>\n<p><img loading=\"lazy\" class=\"aligncenter size-medium wp-image-743\" title=\"HRE koolitus Tartus\" src=\"http:\/\/healingrooms.ee\/wp-content\/uploads\/2012\/09\/HRE-koolitus-Tartus-300x200.jpg\" alt=\"\" width=\"300\" height=\"200\" srcset=\"https:\/\/healingrooms.ee\/wp-content\/uploads\/2012\/09\/HRE-koolitus-Tartus-300x200.jpg 300w, https:\/\/healingrooms.ee\/wp-content\/uploads\/2012\/09\/HRE-koolitus-Tartus-1024x682.jpg 1024w\" sizes=\"(max-width: 300px) 100vw, 300px\" \/><\/p>\n<p><span style=\"font-size: medium; color: #000080;\">Healing Rooms p\u00f5hikoolitused on m\u00f5eldud k\u00f5igile, keda huvitab piibellik l\u00e4henemine tervenemise teemal. Samuti ootame sinna k\u00f5iki, kes tahaksid liituda Healing Rooms palvet\u00f6\u00f6ga varem v\u00f5i hiljem, \u00fches v\u00f5i teises valdkonnas (vaata ka \u00a0<span style=\"text-decoration: underline;\"><a title=\"Liitu HRE t\u00f6\u00f6ga\" href=\"http:\/\/healingrooms.ee\/?page_id=385\" target=\"_blank\" rel=\"noopener noreferrer\"><span style=\"color: #000080; text-decoration: underline;\">Liitu HRE t\u00f6\u00f6ga<\/span><\/a><\/span>). <\/span><\/p>\n<p><span style=\"font-size: medium; color: #000080;\">Koolitusel \u00f5petame Healing Rooms palveteenistuse p\u00f5him\u00f5tteid, selle piibellikke aluseid ja palvetame k\u00f5igi palvele tulnute p\u00e4rast.<\/span><\/p>\n<p><span style=\"font-size: medium; color: #000080;\">Kahep\u00e4evase koolituse jooksul \u00f5petame mitmetel olulistel teemadel, nagu: &#8220;Tervendav Jumala S\u00f5na&#8221;, &#8220;Tervenemise eeldused ja -takistused&#8221;, P\u00fcha Vaimu annid ja Vaimu vili&#8221;, &#8220;Kristlase autoriteet ja meelevald&#8221; jmt. Samuti palvetame k\u00f5igi eestpalvele tulnute p\u00e4rast.<\/span><\/p>\n<p><span style=\"color: #000080; font-size: medium; line-height: 19px;\">Healing Rooms esimene koolitus Eestis toimus Tallinnas, 25.-26. augustil 2011.<\/span><\/p>\n<p><span style=\"font-size: medium; color: #000080;\">Teise koolituse viisime l\u00e4bi Tartus, 24.-25. augustil 2012. <\/span><\/p>\n<p><span style=\"font-size: medium; color: #000080;\">2013. a aprillis-mais toimusid koolitused Saaremaal ja P\u00e4rnus.<\/span><\/p>\n<p><span style=\"font-size: medium; color: #000080;\">Sama aasta 18.-19. oktoobril viisime koolituse l\u00e4bi Tallinnas.<\/span><\/p>\n<p><span style=\"font-size: medium; color: #000080;\">2014. a koolitus oli 24.-25. oktoobril Tartus. <\/span><\/p>\n<p><span style=\"font-size: medium; color: #000080;\">2015. a korraldasime koolitused P\u00e4rnus ja V\u00f5rus ning 28-29. augustil Tallinnas.<br \/>\n<\/span><\/p>\n<p><span style=\"color: #000080;\">2019. a toimus koolitus 27.-28. m\u00e4rtsil Tallinnas (<\/span><a href=\"https:\/\/healingrooms.ee\/wp-content\/uploads\/2020\/02\/HR-Tallinn-koolitus-2020-piltidega-1.pdf\"><span style=\"text-decoration: underline;\">tutvu sisuga siin<\/span><\/a><span style=\"color: #000080;\">).<br \/>\n<\/span><\/p>\n<p><span style=\"color: #000080;\">2020. a toimus koolitus 14.-15. augustil Tallinnas.<\/span><\/p>\n<p>2023. a toimus uute t\u00f6\u00f6tegijate koolitus Tallinna Metodisti kirikus 27 ja 28 oktoobril.<\/p>\n<p>&nbsp;<\/p>\n","protected":false},"excerpt":{"rendered":"<p>2023. a toimus uute t\u00f6\u00f6tegijate koolitus Tallinna Metodisti kirikus 27 ja 28 oktoobril. &nbsp; &nbsp; &nbsp; Healing Rooms p\u00f5hikoolitused on m\u00f5eldud k\u00f5igile, keda huvitab piibellik l\u00e4henemine tervenemise teemal. Samuti ootame sinna k\u00f5iki, kes tahaksid liituda Healing Rooms palvet\u00f6\u00f6ga varem v\u00f5i hiljem, \u00fches v\u00f5i teises valdkonnas (vaata ka \u00a0Liitu HRE t\u00f6\u00f6ga). Koolitusel \u00f5petame Healing Rooms palveteenistuse [&hellip;]<\/p>\n","protected":false},"author":1,"featured_media":0,"parent":26,"menu_order":2,"comment_status":"closed","ping_status":"closed","template":"","meta":[],"_links":{"self":[{"href":"https:\/\/healingrooms.ee\/index.php?rest_route=\/wp\/v2\/pages\/486"}],"collection":[{"href":"https:\/\/healingrooms.ee\/index.php?rest_route=\/wp\/v2\/pages"}],"about":[{"href":"https:\/\/healingrooms.ee\/index.php?rest_route=\/wp\/v2\/types\/page"}],"author":[{"embeddable":true,"href":"https:\/\/healingrooms.ee\/index.php?rest_route=\/wp\/v2\/users\/1"}],"replies":[{"embeddable":true,"href":"https:\/\/healingrooms.ee\/index.php?rest_route=%2Fwp%2Fv2%2Fcomments&post=486"}],"version-history":[{"count":34,"href":"https:\/\/healingrooms.ee\/index.php?rest_route=\/wp\/v2\/pages\/486\/revisions"}],"predecessor-version":[{"id":2865,"href":"https:\/\/healingrooms.ee\/index.php?rest_route=\/wp\/v2\/pages\/486\/revisions\/2865"}],"up":[{"embeddable":true,"href":"https:\/\/healingrooms.ee\/index.php?rest_route=\/wp\/v2\/pages\/26"}],"wp:attachment":[{"href":"https:\/\/healingrooms.ee\/index.php?rest_route=%2Fwp%2Fv2%2Fmedia&parent=486"}],"curies":[{"name":"wp","href":"https:\/\/api.w.org\/{rel}","templated":true}]}}