{"id":499,"date":"2012-09-01T23:07:14","date_gmt":"2012-09-01T20:07:14","guid":{"rendered":"http:\/\/healingrooms.ee\/?page_id=499"},"modified":"2015-11-01T14:47:58","modified_gmt":"2015-11-01T12:47:58","slug":"eestpalve-hre-s","status":"publish","type":"page","link":"https:\/\/healingrooms.ee\/?page_id=499","title":{"rendered":"Eestpalve HRE-s"},"content":{"rendered":"<p><span style=\"font-size: medium; color: #008000;\"><strong><span style=\"color: #000080;\">Eestpalve Healing Rooms t\u00f6\u00f6s<\/span> \u00a0\u00a0<\/strong><img loading=\"lazy\" class=\"aligncenter size-thumbnail wp-image-706\" title=\"&quot;..kus kaks v\u00f5i kolm on Minu nimel koos...&quot;\" src=\"http:\/\/healingrooms.ee\/wp-content\/uploads\/2012\/09\/\u00fchispalve-150x150.jpg\" alt=\"Mt 18:20\" width=\"150\" height=\"150\" \/><\/span><\/p>\n<p><span style=\"font-size: small; color: #000080;\">Kui sa tunned kutsumust olla kaasas Healing Roomi t\u00f6\u00f6s eestpalvetajana, siis oled s\u00fcdamest teretulnud palvetama p\u00e4evakajaliste palve- ja t\u00e4nusoovide eest. V\u00f5id palvetada sulle sobival ajal ja kohas, \u00fcksinda v\u00f5i s\u00f5pradega, kodus v\u00f5i kus iganes. Healing Rooms teenistus s\u00f5ltub suuresti p\u00fchendunud eestpalvetajatest.<\/span><\/p>\n<p><span style=\"font-size: small; color: #000080;\"><strong>\u201eMa kutsun siis \u00fcles anuma, palvetama, tegema eestpalveid ja t\u00e4nupalveid k\u00f5igi inimeste eest..\u201c<\/strong> 1Tim 2:1<\/span><\/p>\n<p><span style=\"font-size: small; color: #000080;\">Jumal kutsub oma S\u00f5nas olema sind eestpalvetaja! Keset meie argirutiini ja kiirustamist vaatab<strong>&#8230;<\/strong><\/span><\/p>\n<p><strong><span style=\"font-size:small; color: #000080;\">&#8230; \u201eJumal taevast inimlaste peale, et n\u00e4ha, kas on m\u00f5istlikku, kedagi, kes otsib Jumalat.\u201c<\/span><\/strong>\u00a0<span style=\"color: #000080;\"><span style=\"font-size: small;\">Ps 53:3<\/span><\/span><\/p>\n<p><span style=\"font-size: small; color: #000080;\">Jumal tahab oma Kuningriiki laiendada Eestimaal just sinu kaudu. Sa oled \u00f5igeks m\u00f5istetud Jeesuse lunastust\u00f6\u00f6 ja Kolgata ristil valatud vere l\u00e4bi ja Piibel \u00fctleb, et <strong>\u201e\u00d5ige inimese m\u00f5juv\u00f5imas eestpalve saadab palju korda!\u201c<\/strong>\u00a0 Jak 5:16<\/span><\/p>\n<p><span style=\"color: #000080;\"><strong><span style=\"font-size: small;\">Tule Healing Rooms eestpalveteenistusse!\u00a0<\/span><\/strong><\/span><\/p>\n<p><span style=\"color: #000080;\"><span style=\"font-size: small;\">P\u00e4evakohased Healing Rooms t\u00e4nu ja eestpalvesoovid lingil:<\/span><\/span><\/p>\n<p><span style=\"font-size: small; color: #000080;\"><span style=\"text-decoration: underline;\"><a title=\"T\u00e4nu- ja palvesoovid \" href=\"http:\/\/healingrooms.ee\/?page_id=549\" target=\"_blank\"><span style=\"color: #000080; text-decoration: underline;\">T\u00e4nu- ja palvesoovid<\/span><\/a><\/span><\/span><\/p>\n","protected":false},"excerpt":{"rendered":"<p>Eestpalve Healing Rooms t\u00f6\u00f6s \u00a0\u00a0 Kui sa tunned kutsumust olla kaasas Healing Roomi t\u00f6\u00f6s eestpalvetajana, siis oled s\u00fcdamest teretulnud palvetama p\u00e4evakajaliste palve- ja t\u00e4nusoovide eest. V\u00f5id palvetada sulle sobival ajal ja kohas, \u00fcksinda v\u00f5i s\u00f5pradega, kodus v\u00f5i kus iganes. Healing Rooms teenistus s\u00f5ltub suuresti p\u00fchendunud eestpalvetajatest. \u201eMa kutsun siis \u00fcles anuma, palvetama, tegema eestpalveid ja [&hellip;]<\/p>\n","protected":false},"author":1,"featured_media":0,"parent":122,"menu_order":2,"comment_status":"closed","ping_status":"closed","template":"","meta":[],"_links":{"self":[{"href":"https:\/\/healingrooms.ee\/index.php?rest_route=\/wp\/v2\/pages\/499"}],"collection":[{"href":"https:\/\/healingrooms.ee\/index.php?rest_route=\/wp\/v2\/pages"}],"about":[{"href":"https:\/\/healingrooms.ee\/index.php?rest_route=\/wp\/v2\/types\/page"}],"author":[{"embeddable":true,"href":"https:\/\/healingrooms.ee\/index.php?rest_route=\/wp\/v2\/users\/1"}],"replies":[{"embeddable":true,"href":"https:\/\/healingrooms.ee\/index.php?rest_route=%2Fwp%2Fv2%2Fcomments&post=499"}],"version-history":[{"count":23,"href":"https:\/\/healingrooms.ee\/index.php?rest_route=\/wp\/v2\/pages\/499\/revisions"}],"predecessor-version":[{"id":1655,"href":"https:\/\/healingrooms.ee\/index.php?rest_route=\/wp\/v2\/pages\/499\/revisions\/1655"}],"up":[{"embeddable":true,"href":"https:\/\/healingrooms.ee\/index.php?rest_route=\/wp\/v2\/pages\/122"}],"wp:attachment":[{"href":"https:\/\/healingrooms.ee\/index.php?rest_route=%2Fwp%2Fv2%2Fmedia&parent=499"}],"curies":[{"name":"wp","href":"https:\/\/api.w.org\/{rel}","templated":true}]}}