{"id":5,"date":"2012-04-05T09:57:28","date_gmt":"2012-04-05T06:57:28","guid":{"rendered":"http:\/\/healingrooms.ee\/?page_id=5"},"modified":"2020-10-25T18:21:20","modified_gmt":"2020-10-25T16:21:20","slug":"mis-on-hre","status":"publish","type":"page","link":"https:\/\/healingrooms.ee\/?page_id=5","title":{"rendered":"Mis on Healing Rooms?"},"content":{"rendered":"<p><span style=\"color: #000080;\"><strong>Healing Rooms Palvekliiniku\u00a0funktsioon<\/strong><\/span><\/p>\n<ul>\n<li><span style=\"color: #000080;\">HR Palvekliinikus\u00a0palvetatakse vastavalt Jeesuse korraldusele f\u00fc\u00fcsiliste ja ps\u00fc\u00fchiliste haiguste ja sisemise tugevnemise eest<\/span><\/li>\n<li><span style=\"color: #000080;\">HR Palvekliinikusse v\u00f5ib tulla palvele, kui vajatakse Jumalalt abi haiguse, \u00f5nnetuste v\u00f5i eluprobleemide korral<\/span><\/li>\n<li><span style=\"color: #000080;\">HR Palvekliinik\u00a0on kergesti ligip\u00e4\u00e4setav koht kellele tahes, et tulla palvele<\/span>\n<ul>\n<li><span style=\"color: #000080;\">Healing Rooms Palvekliinikus saab kogu au ainult Jumal. Jeesuse l\u00e4hedalolu P\u00fcha Vaimu kaudu tervendab!<\/span><\/li>\n<li><span style=\"color: #000080;\">Palvele tulnud inimene v\u00f5ib k\u00fcsida, kes teda tervendas ja meie saame vastata: Jeesus! Selliselt kogeb inimene Jeesuse armastust<\/span><\/li>\n<li><span style=\"color: #000080;\">Kolme isikuga palver\u00fchmas ei saa \u00fckski palvetaja au iseendale v\u00f5tta<\/span><\/li>\n<\/ul>\n<\/li>\n<\/ul>\n<p><span style=\"color: #000080;\"><a href=\"http:\/\/healingrooms.ee\/wp-content\/uploads\/2012\/04\/Healing-Rooms-tutvustus-PDF.pdf\"><span style=\"color: #000080;\">Healing Rooms tutvustus (PDF)<\/span><\/a><\/span><\/p>\n<p><span style=\"color: #000080;\"><a href=\"http:\/\/healingrooms.ee\/wp-content\/uploads\/2012\/04\/HRE-p\u00f5hikiri.pdf\" target=\"_blank\" rel=\"noopener noreferrer\"><span style=\"color: #000080;\">Healing Rooms Estonia p\u00f5hikiri (PDF)<\/span><\/a><\/span><\/p>\n<p><span style=\"color: #000080;\"><em>&#8220;Lase oma sulastel t\u00e4ie julgusega k\u00f5nelda Sinu s\u00f5na, sirutades oma k\u00e4e haigete parandamiseks ning tunnust\u00e4htede ja imetegude s\u00fcndimiseks Sinu p\u00fcha sulase Jeesuse nime l\u00e4bi!\u201d\u00a0 \u00a0Apt 4:29-30<\/em><\/span><\/p>\n","protected":false},"excerpt":{"rendered":"<p>Healing Rooms Palvekliiniku\u00a0funktsioon HR Palvekliinikus\u00a0palvetatakse vastavalt Jeesuse korraldusele f\u00fc\u00fcsiliste ja ps\u00fc\u00fchiliste haiguste ja sisemise tugevnemise eest HR Palvekliinikusse v\u00f5ib tulla palvele, kui vajatakse Jumalalt abi haiguse, \u00f5nnetuste v\u00f5i eluprobleemide korral HR Palvekliinik\u00a0on kergesti ligip\u00e4\u00e4setav koht kellele tahes, et tulla palvele Healing Rooms Palvekliinikus saab kogu au ainult Jumal. Jeesuse l\u00e4hedalolu P\u00fcha Vaimu kaudu tervendab! Palvele [&hellip;]<\/p>\n","protected":false},"author":1,"featured_media":0,"parent":122,"menu_order":1,"comment_status":"closed","ping_status":"closed","template":"","meta":[],"_links":{"self":[{"href":"https:\/\/healingrooms.ee\/index.php?rest_route=\/wp\/v2\/pages\/5"}],"collection":[{"href":"https:\/\/healingrooms.ee\/index.php?rest_route=\/wp\/v2\/pages"}],"about":[{"href":"https:\/\/healingrooms.ee\/index.php?rest_route=\/wp\/v2\/types\/page"}],"author":[{"embeddable":true,"href":"https:\/\/healingrooms.ee\/index.php?rest_route=\/wp\/v2\/users\/1"}],"replies":[{"embeddable":true,"href":"https:\/\/healingrooms.ee\/index.php?rest_route=%2Fwp%2Fv2%2Fcomments&post=5"}],"version-history":[{"count":38,"href":"https:\/\/healingrooms.ee\/index.php?rest_route=\/wp\/v2\/pages\/5\/revisions"}],"predecessor-version":[{"id":2782,"href":"https:\/\/healingrooms.ee\/index.php?rest_route=\/wp\/v2\/pages\/5\/revisions\/2782"}],"up":[{"embeddable":true,"href":"https:\/\/healingrooms.ee\/index.php?rest_route=\/wp\/v2\/pages\/122"}],"wp:attachment":[{"href":"https:\/\/healingrooms.ee\/index.php?rest_route=%2Fwp%2Fv2%2Fmedia&parent=5"}],"curies":[{"name":"wp","href":"https:\/\/api.w.org\/{rel}","templated":true}]}}