{"id":77,"date":"2012-05-15T22:22:13","date_gmt":"2012-05-15T19:22:13","guid":{"rendered":"http:\/\/healingrooms.ee\/?page_id=77"},"modified":"2026-01-13T16:00:23","modified_gmt":"2026-01-13T14:00:23","slug":"avaleht","status":"publish","type":"page","link":"https:\/\/healingrooms.ee\/","title":{"rendered":"Avaleht"},"content":{"rendered":"\r\n<div style=\"text-align: center;\">\r\n<blockquote>\r\n<p style=\"padding-left: 40px;\">\u00a0<\/p>\r\n<\/blockquote>\r\n<p><a href=\"https:\/\/healingrooms.ee\/wp-content\/uploads\/2024\/06\/IMG_0675-scaled.jpeg\">Eesti Palvekliinikute lahtiolekute ajad:<\/a><\/p>\r\n<p>Tallinna Kesklinna Palvekliinik on avatud esmasp\u00e4eviti kell 18.00 -20.00 Aadressil Narva mnt.51, Tallinn<\/p>\r\n<p>Tartu Palvekliinik on avatud esmasp\u00e4eviti kell 18.00 &#8211; 20.00 Aadressil S\u00f5bra 56, Tartu. Kogudus T\u00f5e Sammas ruumides.<\/p>\r\n<p>V\u00f5ru Palvekliinik on avatud esmasp\u00e4eviti kell 18.00 &#8211; 20.00 Aadressil Uus <br \/>tn. 21, V\u00f5ru<\/p>\r\n<p>Rakvere Palvekliinik on avatud igal teisip\u00e4eval kell 18.30-20.30 Aadressil Koidula 5, Rakvere<\/p>\r\n<p>Viljandi Palvekliinik on avatud p\u00fchap\u00e4eviti kell 16.00-18.00\u00a0<br \/>aadressil Tartu tn. 5, Viljandi<\/p>\r\n<\/div>\r\n<p>&nbsp;<\/p>\r\n<p>&nbsp;<\/p>\r\n<p>&nbsp;<\/p>\r\n<p>&nbsp;<\/p>\r\n<p>&nbsp;<\/p>\r\n<p>&nbsp;<\/p>\r\n<p>&nbsp;<\/p>\r\n\r\n\r\n<hr class=\"wp-block-separator\" \/>\r\n\r\n\r\n<h4 class=\"has-text-align-center\"><strong>Avastusretk prohvetlusse<\/strong><\/h4>\r\n\r\n\r\n\r\n<div class=\"wp-block-image\">\r\n<figure class=\"aligncenter\"><a href=\"http:\/\/healingrooms.ee\/wp-content\/uploads\/2018\/08\/Gordon-kaas-crop.jpg\" target=\"_blank\" rel=\"noopener noreferrer\"><img src=\"http:\/\/healingrooms.ee\/wp-content\/uploads\/2018\/08\/Gordon-kaas-crop-300x200.jpg\" alt=\"\" \/><\/a><\/figure>\r\n<\/div>\r\n\r\n<p>&nbsp;<\/p>\r\n\r\n<p>Gordon van Veelen on Healing Rooms palvev\u00f5rgustiku Euroopa saadik. Ta julgustab kristlasi elama l\u00e4hedas osaduses Jumalaga, kasvama p\u00fchitsuses ning teenima inimesi P\u00fcha Vaimu v\u00e4es ja juhtimisel.<\/p>\r\n\r\n<p>&nbsp;<\/p>\r\n\r\n<p>Tema kirjutiste ja k\u00f5nedega saab tutvuda lehek\u00fcljel <a href=\"http:\/\/www.gordonvanveelen.org\/ international\/\" target=\"_blank\" rel=\"noopener noreferrer\">www.gordonvanveelen.org\/ international\/<\/a><\/p>\r\n\r\n<p>&nbsp;<\/p>\r\n\r\n<p>Eestit on Gordon k\u00fclastanud aastast 2012\u00a0<\/p>\r\n\r\n\r\n<hr class=\"wp-block-separator\" \/>\r\n<p>&nbsp;<\/p>\r\n\r\n<h4 class=\"has-text-align-center\"><strong>Terveks saada ja ellu j\u00e4\u00e4da<\/strong><\/h4>\r\n\r\n<p>&nbsp;<\/p>\r\n\r\n<p>Irina Belova-Smor\u017e on Ukraina Healing Rooms t\u00f6\u00f6 juht koos abikaasa Dmytroga. Oma raamatus <strong>&#8220;Terveks saada ja ellu j\u00e4\u00e4da&#8221;<\/strong> r\u00e4\u00e4gib ta isikliku kogemuse najal haaravalt sellest, kuidas ta tuli Jumala abiga v\u00e4lja arstide poolt lootusetuks tunnistatud olukorrast \u2013 4. staadiumi v\u00e4hist. Irina jagab lugejaile sedagi, mida ta sellest v\u00f5itlusest \u00f5ppis ja mida lugejadki rakendada saavad.<\/p>\r\n\r\n<p>&nbsp;<\/p>\r\n\r\n<div class=\"wp-block-image\">\r\n<figure class=\"aligncenter\"><a href=\"http:\/\/healingrooms.ee\/wp-content\/uploads\/2012\/05\/Irina-esikaas.jpg\" target=\"_blank\" rel=\"noopener noreferrer\"><img src=\"http:\/\/healingrooms.ee\/wp-content\/uploads\/2012\/05\/Irina-esikaas-212x300.jpg\" alt=\"\" \/><\/a><\/figure>\r\n<\/div>\r\n\r\n<p>&nbsp;<\/p>\r\n\r\n<h6>Osta raamatud, kirjutades: info@healingrooms.ee<\/h6>\r\n\r\n\r\n\r\n<h6>\u00a0<\/h6>\r\n\r\n\r\n<hr class=\"wp-block-separator\" \/>\r\n<p>&nbsp;<\/p>\r\n\r\n<h4 class=\"has-text-align-center\"><strong>Healing Rooms audiosalvestused Mp3 formaadis!<\/strong><\/h4>\r\n\r\n\r\n\r\n<h5><a href=\"http:\/\/healingrooms.ee\/wp-content\/uploads\/2012\/05\/Bayo-Oniwinde-Mp3.pdf\" target=\"_blank\" rel=\"noopener noreferrer\">Bayo Oniwinde Mp3<\/a><\/h5>\r\n\r\n<p>&nbsp;<\/p>\r\n\r\n<h5 class=\"has-text-align-center\"><strong>&#8220;Leping&#8221; ja &#8220;Kuidas rakendada Jumala ja meievahelise lepingu h\u00fcvesid?&#8221;<\/strong><\/h5>\r\n\r\n<p>&nbsp;<\/p>\r\n\r\n<h5 class=\"has-text-align-center\">Steven ja Helen Anderson\u00a0<strong>&#8220;Avatud taeva \u00f5nnistused&#8221;\u00a0<\/strong><\/h5>\r\n\r\n\r\n\r\n<div class=\"wp-block-image\">\r\n<figure class=\"aligncenter\"><a href=\"http:\/\/healingrooms.ee\/wp-content\/uploads\/2012\/05\/Avatu-taeva-\u00f5nnistused-MP3.png\" target=\"_blank\" rel=\"noopener noreferrer\"><img src=\"http:\/\/healingrooms.ee\/wp-content\/uploads\/2012\/05\/Avatu-taeva-\u00f5nnistused-MP3-300x300.png\" alt=\"avatu-taeva-onnistused-mp3\" \/><\/a><\/figure>\r\n<\/div>\r\n\r\n<p>&nbsp;<\/p>\r\n\r\n<h5 class=\"has-text-align-center\">Gordon van Veelen\u00a0<strong>&#8220;Tervenemine ja teenimine P\u00fcha Vaimu v\u00e4es&#8221;<\/strong><\/h5>\r\n\r\n\r\n\r\n<div class=\"wp-block-image\">\r\n<figure class=\"aligncenter\"><a href=\"http:\/\/healingrooms.ee\/wp-content\/uploads\/2012\/05\/Tervenemine-ja-teenimine-P\u00fchaVaimu-v\u00e4es_MP3.png\" target=\"_blank\" rel=\"noopener noreferrer\"><img src=\"http:\/\/healingrooms.ee\/wp-content\/uploads\/2012\/05\/Tervenemine-ja-teenimine-P\u00fchaVaimu-v\u00e4es_MP3-298x300.png\" alt=\"tervenemine-ja-teenimine-puhavaimu-vaes_mp3\" \/><\/a><\/figure>\r\n<\/div>\r\n\r\n\r\n\r\n<h5 class=\"has-text-align-center\">Gordon van Veelen<strong>\u00a0&#8220;Prohvetlik konverents&#8221;<\/strong>\u00a0 \u00a0<\/h5>\r\n\r\n\r\n\r\n<div class=\"wp-block-image\">\r\n<figure class=\"aligncenter\"><a href=\"http:\/\/healingrooms.ee\/wp-content\/uploads\/2012\/05\/Prohvetlik-konverents_MP3.png\" target=\"_blank\" rel=\"noopener noreferrer\"><img src=\"http:\/\/healingrooms.ee\/wp-content\/uploads\/2012\/05\/Prohvetlik-konverents_MP3-300x300.png\" alt=\"prohvetlik-konverents_mp3\" \/><\/a><\/figure>\r\n<\/div>\r\n\r\n\r\n\r\n<p class=\"has-text-align-center\"><strong>\u00a0Vajuta pildile, et n\u00e4ha suuremalt.<\/strong><\/p>\r\n\r\n<p>&nbsp;<\/p>\r\n<address style=\"text-align: center;\"><address style=\"text-align: center;\"><strong>Plaadi hind 5\u20ac\/tk ja kuulatav MP3-audio formaadis!<\/strong><\/address><address style=\"text-align: center;\"><strong>Osta saab Eesti k\u00f5igist palvekliinikutest (kolme esimest plaati!), <\/strong><\/address><address style=\"text-align: center;\"><strong>neljanda plaadi saab\u00a0<\/strong>\u00a0<\/address><address style=\"text-align: center;\">kirjutades: \u00a0info@healingrooms.ee<\/address><address style=\"text-align: center;\">\u00a0<\/address><address style=\"text-align: center;\"><hr \/><\/address><address style=\"text-align: center;\"><strong><em>\u00a0<\/em><\/strong><strong>Healing Rooms infomaterjalid vene keeles:<\/strong><\/address>\r\n<p style=\"text-align: center;\">\u00a0<a title=\"Healing Rooms presentation - RU\" href=\"http:\/\/www.healingrooms.fi\/filearc\/303_Healing%20Room%20rus%20ver2.pdf\" target=\"_blank\" rel=\"noopener noreferrer\">Healing Rooms esitlus<\/a><\/p>\r\n<p style=\"text-align: center;\"><a title=\"\u041e\u0441\u043d\u043e\u0432\u043d\u044b\u0435 \u043f\u0440\u0438\u043d\u0446\u0438\u043f\u044b \u0434\u0435\u044f\u0442\u0435\u043b\u044c\u043d\u043e\u0441\u0442\u0438\" href=\"http:\/\/healingrooms.ee\/wp-content\/uploads\/2012\/07\/\u041e\u0441\u043d\u043e\u0432\u043d\u044b\u0435-\u043f\u0440\u0438\u043d\u0446\u0438\u043f\u044b-\u0434\u0435\u044f\u0442\u0435\u043b\u044c\u043d\u043e\u0441\u0442\u0438....pdf\" target=\"_blank\" rel=\"noopener noreferrer\">\u041e\u0441\u043d\u043e\u0432\u043d\u044b\u0435 \u043f\u0440\u0438\u043d\u0446\u0438\u043f\u044b \u0434\u0435\u044f\u0442\u0435\u043b\u044c\u043d\u043e\u0441\u0442\u0438&#8230; (PDF)<\/a><\/p>\r\n<\/address>","protected":false},"excerpt":{"rendered":"<p>Avastusretk prohvetlusse &nbsp; Gordon van Veelen on Healing Rooms palvev\u00f5rgustiku Euroopa saadik. Ta julgustab kristlasi elama l\u00e4hedas osaduses Jumalaga, kasvama p\u00fchitsuses ning teenima inimesi P\u00fcha Vaimu v\u00e4es ja juhtimisel. &nbsp; Tema kirjutiste ja k\u00f5nedega saab tutvuda lehek\u00fcljel www.gordonvanveelen.org\/ international\/ &nbsp; Eestit on Gordon k\u00fclastanud aastast 2012\u00a0 &nbsp; Terveks saada ja ellu j\u00e4\u00e4da &nbsp; Irina Belova-Smor\u017e [&hellip;]<\/p>\n","protected":false},"author":1,"featured_media":0,"parent":0,"menu_order":1,"comment_status":"closed","ping_status":"closed","template":"","meta":[],"_links":{"self":[{"href":"https:\/\/healingrooms.ee\/index.php?rest_route=\/wp\/v2\/pages\/77"}],"collection":[{"href":"https:\/\/healingrooms.ee\/index.php?rest_route=\/wp\/v2\/pages"}],"about":[{"href":"https:\/\/healingrooms.ee\/index.php?rest_route=\/wp\/v2\/types\/page"}],"author":[{"embeddable":true,"href":"https:\/\/healingrooms.ee\/index.php?rest_route=\/wp\/v2\/users\/1"}],"replies":[{"embeddable":true,"href":"https:\/\/healingrooms.ee\/index.php?rest_route=%2Fwp%2Fv2%2Fcomments&post=77"}],"version-history":[{"count":1267,"href":"https:\/\/healingrooms.ee\/index.php?rest_route=\/wp\/v2\/pages\/77\/revisions"}],"predecessor-version":[{"id":2968,"href":"https:\/\/healingrooms.ee\/index.php?rest_route=\/wp\/v2\/pages\/77\/revisions\/2968"}],"wp:attachment":[{"href":"https:\/\/healingrooms.ee\/index.php?rest_route=%2Fwp%2Fv2%2Fmedia&parent=77"}],"curies":[{"name":"wp","href":"https:\/\/api.w.org\/{rel}","templated":true}]}}