{"id":876,"date":"2013-08-30T13:34:59","date_gmt":"2013-08-30T10:34:59","guid":{"rendered":"http:\/\/healingrooms.ee\/?page_id=876"},"modified":"2023-10-22T23:22:53","modified_gmt":"2023-10-22T20:22:53","slug":"koolitus","status":"publish","type":"page","link":"https:\/\/healingrooms.ee\/?page_id=876","title":{"rendered":"Koolitus"},"content":{"rendered":"<div>Uute t\u00f6\u00f6tegijate koolitus 27 ja 28 oktoobril<\/div>\n<div><\/div>\n<div>27.10.23<\/div>\n<div><\/div>\n<div>17.30-17.45. Registreerimine<\/div>\n<div>17.45-18.10. Alguspalve ja \u00fclistus<\/div>\n<div>18.10-19.10 \u00a01. loeng Miks on Healing Rooms kogudusele oluline<\/div>\n<div>19.10-19.30 \u00a0Kohvipaus<\/div>\n<div>19.30-20.30 \u00a02. loeng Tervendav Jumala S\u014dna<\/div>\n<div>20.30 L\u014dpupalve ja eestpalve v\u014dimalus<\/div>\n<div><\/div>\n<div dir=\"auto\">28.10.23<\/div>\n<div><\/div>\n<div>10.00-10.15 Hommikukohv ja kogunemine<\/div>\n<div>10.15-10.45 Alguspalve ja \u00fclistus<\/div>\n<div>10.45-11.45 3. loeng Tervenemise eeldused<\/div>\n<div>11.45-12.00 Kohvipaus<\/div>\n<div>12.00-12.45 4. loeng Tervenemise takistused<\/div>\n<div>12.45-13.00 Kohvipaus<\/div>\n<div>13.00-14.00 5. loeng P\u00fcha Vaimu annid<\/div>\n<div>14.00-15.00 L\u014duna<\/div>\n<div>15.00-16.00 6. loeng P\u00fcha Vaimu l\u00e4hedus palvet\u00f6\u00f6s<\/div>\n<div>16.00-16.20 Kohvipaus<\/div>\n<div>16.20-17.20 7. loeng Identiteet ja autoriteet Kristuses<\/div>\n<div>17.20-18.00 L\u014dpupalve ja eestpalve v\u014dimalus<\/div>\n","protected":false},"excerpt":{"rendered":"<p>Uute t\u00f6\u00f6tegijate koolitus 27 ja 28 oktoobril 27.10.23 17.30-17.45. Registreerimine 17.45-18.10. Alguspalve ja \u00fclistus 18.10-19.10 \u00a01. loeng Miks on Healing Rooms kogudusele oluline 19.10-19.30 \u00a0Kohvipaus 19.30-20.30 \u00a02. loeng Tervendav Jumala S\u014dna 20.30 L\u014dpupalve ja eestpalve v\u014dimalus 28.10.23 10.00-10.15 Hommikukohv ja kogunemine 10.15-10.45 Alguspalve ja \u00fclistus 10.45-11.45 3. loeng Tervenemise eeldused 11.45-12.00 Kohvipaus 12.00-12.45 4. loeng [&hellip;]<\/p>\n","protected":false},"author":1,"featured_media":0,"parent":0,"menu_order":0,"comment_status":"closed","ping_status":"closed","template":"","meta":[],"_links":{"self":[{"href":"https:\/\/healingrooms.ee\/index.php?rest_route=\/wp\/v2\/pages\/876"}],"collection":[{"href":"https:\/\/healingrooms.ee\/index.php?rest_route=\/wp\/v2\/pages"}],"about":[{"href":"https:\/\/healingrooms.ee\/index.php?rest_route=\/wp\/v2\/types\/page"}],"author":[{"embeddable":true,"href":"https:\/\/healingrooms.ee\/index.php?rest_route=\/wp\/v2\/users\/1"}],"replies":[{"embeddable":true,"href":"https:\/\/healingrooms.ee\/index.php?rest_route=%2Fwp%2Fv2%2Fcomments&post=876"}],"version-history":[{"count":53,"href":"https:\/\/healingrooms.ee\/index.php?rest_route=\/wp\/v2\/pages\/876\/revisions"}],"predecessor-version":[{"id":2855,"href":"https:\/\/healingrooms.ee\/index.php?rest_route=\/wp\/v2\/pages\/876\/revisions\/2855"}],"wp:attachment":[{"href":"https:\/\/healingrooms.ee\/index.php?rest_route=%2Fwp%2Fv2%2Fmedia&parent=876"}],"curies":[{"name":"wp","href":"https:\/\/api.w.org\/{rel}","templated":true}]}}